{"id":14610,"date":"2020-06-19T16:21:01","date_gmt":"2020-06-19T20:21:01","guid":{"rendered":"https:\/\/casagrecque.ca\/?page_id=14610"},"modified":"2020-06-23T13:49:06","modified_gmt":"2020-06-23T17:49:06","slug":"birthday-coupon","status":"publish","type":"page","link":"https:\/\/casagrecque.ca\/en\/birthday-coupon\/","title":{"rendered":"Birthday Coupons"},"content":{"rendered":"\t\t<div data-elementor-type=\"wp-page\" data-elementor-id=\"14610\" class=\"elementor elementor-14610\" data-elementor-post-type=\"page\">\n\t\t\t\t\t\t<section class=\"elementor-section elementor-top-section elementor-element elementor-element-eceeff0 elementor-section-full_width elementor-section-height-default elementor-section-height-default\" data-id=\"eceeff0\" data-element_type=\"section\" data-e-type=\"section\" data-settings=\"{&quot;background_background&quot;:&quot;classic&quot;}\">\n\t\t\t\t\t\t<div class=\"elementor-container elementor-column-gap-default\">\n\t\t\t\t\t<div data-dce-background-overlay-color=\"#231F20\" data-dce-background-image-url=\"https:\/\/casagrecque.ca\/wp-content\/uploads\/2020\/06\/CG_entrees.jpg\" class=\"elementor-column elementor-col-100 elementor-top-column elementor-element elementor-element-7ca8d0b\" data-id=\"7ca8d0b\" data-element_type=\"column\" data-e-type=\"column\" data-settings=\"{&quot;background_background&quot;:&quot;classic&quot;}\">\n\t\t\t<div class=\"elementor-widget-wrap elementor-element-populated\">\n\t\t\t\t\t<div class=\"elementor-background-overlay\"><\/div>\n\t\t\t\t\t\t<div class=\"elementor-element elementor-element-6877bdf elementor-hidden-phone elementor-hidden-tablet elementor-hidden-desktop elementor-view-default elementor-widget elementor-widget-icon\" data-id=\"6877bdf\" data-element_type=\"widget\" data-e-type=\"widget\" data-widget_type=\"icon.default\">\n\t\t\t\t<div class=\"elementor-widget-container\">\n\t\t\t\t\t\t\t<div class=\"elementor-icon-wrapper\">\n\t\t\t<a class=\"elementor-icon elementor-animation-pulse\" href=\"#scroll\">\n\t\t\t<i aria-hidden=\"true\" class=\"fas fa-arrow-circle-down\"><\/i>\t\t\t<\/a>\n\t\t<\/div>\n\t\t\t\t\t\t<\/div>\n\t\t\t\t<\/div>\n\t\t\t\t<div class=\"elementor-element elementor-element-b05b154 elementor-widget elementor-widget-spacer\" data-id=\"b05b154\" data-element_type=\"widget\" data-e-type=\"widget\" data-widget_type=\"spacer.default\">\n\t\t\t\t<div class=\"elementor-widget-container\">\n\t\t\t\t\t\t\t<div class=\"elementor-spacer\">\n\t\t\t<div class=\"elementor-spacer-inner\"><\/div>\n\t\t<\/div>\n\t\t\t\t\t\t<\/div>\n\t\t\t\t<\/div>\n\t\t\t\t<section class=\"elementor-section elementor-inner-section elementor-element elementor-element-abc6eee elementor-section-boxed elementor-section-height-default elementor-section-height-default\" data-id=\"abc6eee\" data-element_type=\"section\" data-e-type=\"section\">\n\t\t\t\t\t\t<div class=\"elementor-container elementor-column-gap-default\">\n\t\t\t\t\t<div class=\"elementor-column elementor-col-100 elementor-inner-column elementor-element elementor-element-87b7a13\" data-id=\"87b7a13\" data-element_type=\"column\" data-e-type=\"column\" data-settings=\"{&quot;background_background&quot;:&quot;classic&quot;}\">\n\t\t\t<div class=\"elementor-widget-wrap elementor-element-populated\">\n\t\t\t\t\t\t<div data-dce-title-color=\"#FFFFFF\" class=\"elementor-element elementor-element-8f8e614 elementor-widget elementor-widget-heading\" data-id=\"8f8e614\" data-element_type=\"widget\" data-e-type=\"widget\" data-widget_type=\"heading.default\">\n\t\t\t\t<div class=\"elementor-widget-container\">\n\t\t\t\t\t<h2 class=\"elementor-heading-title elementor-size-default\">HAPPY BIRTHDAY!<\/h2>\t\t\t\t<\/div>\n\t\t\t\t<\/div>\n\t\t\t\t\t<\/div>\n\t\t<\/div>\n\t\t\t\t\t<\/div>\n\t\t<\/section>\n\t\t\t\t<div class=\"elementor-element elementor-element-0858c66 elementor-widget elementor-widget-spacer\" data-id=\"0858c66\" data-element_type=\"widget\" data-e-type=\"widget\" data-widget_type=\"spacer.default\">\n\t\t\t\t<div class=\"elementor-widget-container\">\n\t\t\t\t\t\t\t<div class=\"elementor-spacer\">\n\t\t\t<div class=\"elementor-spacer-inner\"><\/div>\n\t\t<\/div>\n\t\t\t\t\t\t<\/div>\n\t\t\t\t<\/div>\n\t\t\t\t\t<\/div>\n\t\t<\/div>\n\t\t\t\t\t<\/div>\n\t\t<\/section>\n\t\t\t\t<section class=\"elementor-section elementor-top-section elementor-element elementor-element-58fc1b1 elementor-section-boxed elementor-section-height-default elementor-section-height-default\" data-id=\"58fc1b1\" data-element_type=\"section\" data-e-type=\"section\">\n\t\t\t\t\t\t<div class=\"elementor-container elementor-column-gap-default\">\n\t\t\t\t\t<div class=\"elementor-column elementor-col-100 elementor-top-column elementor-element elementor-element-235bca7\" data-id=\"235bca7\" data-element_type=\"column\" data-e-type=\"column\">\n\t\t\t<div class=\"elementor-widget-wrap elementor-element-populated\">\n\t\t\t\t\t\t<div class=\"elementor-element elementor-element-afe527a elementor-widget elementor-widget-spacer\" data-id=\"afe527a\" data-element_type=\"widget\" data-e-type=\"widget\" data-widget_type=\"spacer.default\">\n\t\t\t\t<div class=\"elementor-widget-container\">\n\t\t\t\t\t\t\t<div class=\"elementor-spacer\">\n\t\t\t<div class=\"elementor-spacer-inner\"><\/div>\n\t\t<\/div>\n\t\t\t\t\t\t<\/div>\n\t\t\t\t<\/div>\n\t\t\t\t<div data-dce-title-color=\"#000000\" class=\"elementor-element elementor-element-f1d164f elementor-widget elementor-widget-heading\" data-id=\"f1d164f\" data-element_type=\"widget\" data-e-type=\"widget\" data-widget_type=\"heading.default\">\n\t\t\t\t<div class=\"elementor-widget-container\">\n\t\t\t\t\t<h2 class=\"elementor-heading-title elementor-size-default\">DOWNLOAD YOUR BIRTHDAY COUPON<\/h2>\t\t\t\t<\/div>\n\t\t\t\t<\/div>\n\t\t\t\t<div data-dce-title-color=\"#231F20\" class=\"elementor-element elementor-element-8a2d99a elementor-widget elementor-widget-heading\" data-id=\"8a2d99a\" data-element_type=\"widget\" data-e-type=\"widget\" data-widget_type=\"heading.default\">\n\t\t\t\t<div class=\"elementor-widget-container\">\n\t\t\t\t\t<h2 class=\"elementor-heading-title elementor-size-default\">Reserved for our CLUB CASA members. <\/h2>\t\t\t\t<\/div>\n\t\t\t\t<\/div>\n\t\t\t\t<div class=\"elementor-element elementor-element-22d76ab overlaymodal elementor-widget elementor-widget-text-editor\" data-id=\"22d76ab\" data-element_type=\"widget\" data-e-type=\"widget\" data-widget_type=\"text-editor.default\">\n\t\t\t\t<div class=\"elementor-widget-container\">\n\t\t\t\t\t\t\t\t\t<center><form id=\"casagrecque_mailchimp\" >\n<input type=\"text\" placeholder=\"Enter Your Email Address\" name=\"email\" id=\"casa_email\">\n<input type=\"submit\" value=\"Submit\">\n<\/form>\n\n\n<div id=\"couponshow\" style=\"display:none;\">\n\t\n\tVous pouvez t\u00e9l\u00e9charger votre coupon de anniversaire ici<br>&#8212;<br> <span style=\"font-size:17px;\">You can download your birthday coupon here:<\/span><br><br><a target=\"_blank\" style=\"color:#fff; background-color:#222; padding:14px;\" href=\"https:\/\/casagrecque.ca\/wp-content\/uploads\/2026\/02\/birthday-coupon-fev26-en.pdf\">COUPON<\/a>\t\n\t\n<\/div>\n<div id=\"signupshow\" style=\"display:none;\">\n\t<div class=\"signupshow\">\n\tVous ne semblez pas encore \u00eatre abonn\u00e9 \u00e0 notre newsletter. Veuillez vous <a href=\"\/club-casa\">inscrire ici<\/a> et r\u00e9essayer.<hr>You do not seem to be subscribed to our newsletter yet. Please <a href=\"\/en\/club-casa\">subscribe here<\/a> and then try again.\t<\/div>\n<\/div>\n\n\n\n\t\t\n<script>\n(function($) {\n\t$(\"#casagrecque_mailchimp\").submit(function(e) {\n\t\t\n\t\t$(\"#couponshow\").hide();\n\t\t$(\"#signupshow\").hide();\n\n\t\te.preventDefault();\n\t\tvar thisemail = $(this).serialize();\n\t\t\/\/alert(thisemail);\n\n\t\t$.ajax({\n\t\t\tmethod: \"POST\",\n\t\t\turl: \"https:\/\/casagrecque.ca\/wp-content\/plugins\/casagrecque_mailchimp\/\/query-mailchimp.php\",\n\t\t\tdata: thisemail\n\t\t})\n\t\t.done(function( msg ) {\n\t\t\t\/\/alert( msg );\n\t\t\tif ( msg == \"subscribed\" ) {\n\t\t\t\t$(\"#couponshow\").show();\n\t\t\t} else {\n\t\t\t\t$(\"#signupshow\").show();\n\t\t\t}\n\t\t});\n\t});\n})( jQuery );\n<\/script><\/center>\t\t\t\t\t\t\t\t<\/div>\n\t\t\t\t<\/div>\n\t\t\t\t<div class=\"elementor-element elementor-element-26e7f55 elementor-widget elementor-widget-spacer\" data-id=\"26e7f55\" data-element_type=\"widget\" data-e-type=\"widget\" data-widget_type=\"spacer.default\">\n\t\t\t\t<div class=\"elementor-widget-container\">\n\t\t\t\t\t\t\t<div class=\"elementor-spacer\">\n\t\t\t<div class=\"elementor-spacer-inner\"><\/div>\n\t\t<\/div>\n\t\t\t\t\t\t<\/div>\n\t\t\t\t<\/div>\n\t\t\t\t<div data-dce-title-color=\"#000000\" class=\"elementor-element elementor-element-ce4ba9e elementor-widget elementor-widget-heading\" data-id=\"ce4ba9e\" data-element_type=\"widget\" data-e-type=\"widget\" data-widget_type=\"heading.default\">\n\t\t\t\t<div class=\"elementor-widget-container\">\n\t\t\t\t\t<h2 class=\"elementor-heading-title elementor-size-default\">NOT A MEMBER?<br>Sign up<\/h2>\t\t\t\t<\/div>\n\t\t\t\t<\/div>\n\t\t\t\t<div data-dce-background-color=\"#faa61a\" class=\"elementor-element elementor-element-b13123d elementor-align-justify elementor-widget elementor-widget-button\" data-id=\"b13123d\" data-element_type=\"widget\" data-e-type=\"widget\" data-widget_type=\"button.default\">\n\t\t\t\t<div class=\"elementor-widget-container\">\n\t\t\t\t\t\t\t\t\t<div class=\"elementor-button-wrapper\">\n\t\t\t\t\t<a class=\"elementor-button elementor-button-link elementor-size-xl\" href=\"\/club-casa\">\n\t\t\t\t\t\t<span class=\"elementor-button-content-wrapper\">\n\t\t\t\t\t\t\t\t\t<span class=\"elementor-button-text\">Sign Up<\/span>\n\t\t\t\t\t<\/span>\n\t\t\t\t\t<\/a>\n\t\t\t\t<\/div>\n\t\t\t\t\t\t\t\t<\/div>\n\t\t\t\t<\/div>\n\t\t\t\t<div class=\"elementor-element elementor-element-88d04ab elementor-widget elementor-widget-spacer\" data-id=\"88d04ab\" data-element_type=\"widget\" data-e-type=\"widget\" data-widget_type=\"spacer.default\">\n\t\t\t\t<div class=\"elementor-widget-container\">\n\t\t\t\t\t\t\t<div class=\"elementor-spacer\">\n\t\t\t<div class=\"elementor-spacer-inner\"><\/div>\n\t\t<\/div>\n\t\t\t\t\t\t<\/div>\n\t\t\t\t<\/div>\n\t\t\t\t\t<\/div>\n\t\t<\/div>\n\t\t\t\t\t<\/div>\n\t\t<\/section>\n\t\t\t\t<\/div>\n\t\t","protected":false},"excerpt":{"rendered":"<p>HAPPY BIRTHDAY! DOWNLOAD YOUR BIRTHDAY COUPON Reserved for our <a  href=\"https:\/\/casagrecque.ca\/en\/club-casa\/\">CLUB CASA<\/a> members. NOT A MEMBER?Sign up Sign Up<\/p>\n","protected":false},"author":13,"featured_media":0,"parent":0,"menu_order":0,"comment_status":"closed","ping_status":"closed","template":"","meta":{"_acf_changed":false,"footnotes":""},"class_list":["post-14610","page","type-page","status-publish","hentry"],"acf":[],"_links":{"self":[{"href":"https:\/\/casagrecque.ca\/en\/wp-json\/wp\/v2\/pages\/14610","targetHints":{"allow":["GET"]}}],"collection":[{"href":"https:\/\/casagrecque.ca\/en\/wp-json\/wp\/v2\/pages"}],"about":[{"href":"https:\/\/casagrecque.ca\/en\/wp-json\/wp\/v2\/types\/page"}],"author":[{"embeddable":true,"href":"https:\/\/casagrecque.ca\/en\/wp-json\/wp\/v2\/users\/13"}],"replies":[{"embeddable":true,"href":"https:\/\/casagrecque.ca\/en\/wp-json\/wp\/v2\/comments?post=14610"}],"version-history":[{"count":0,"href":"https:\/\/casagrecque.ca\/en\/wp-json\/wp\/v2\/pages\/14610\/revisions"}],"wp:attachment":[{"href":"https:\/\/casagrecque.ca\/en\/wp-json\/wp\/v2\/media?parent=14610"}],"curies":[{"name":"wp","href":"https:\/\/api.w.org\/{rel}","templated":true}]}}